{"id":15,"date":"2012-04-25T14:49:35","date_gmt":"2012-04-25T14:49:35","guid":{"rendered":"http:\/\/kajaschaefer.de\/?page_id=15"},"modified":"2020-02-04T11:40:02","modified_gmt":"2020-02-04T11:40:02","slug":"impressum","status":"publish","type":"page","link":"https:\/\/kajaschaefer.de\/?page_id=15","title":{"rendered":"Impressum"},"content":{"rendered":"<p><strong>Galerie Kaja Sch\u00e4fer<\/strong><br>Inhaberin: Kaja Sch\u00e4fer<br>K\u00fcferstra\u00dfe 22a<br>D-65931 Frankfurt<\/p>\n<p>info@kajaschaefer.de<\/p>\n<h2>Disclaimer<\/h2>\n<p>Die Galerie Kaja Sch\u00e4fer \u00fcbernimmt hinsichtlich der eingestellten Links auf Seiten Dritter keine Gew\u00e4hr f\u00fcr die dort gemachten Angaben sowie f\u00fcr die Beachtung privater Rechte Dritter. Die dort ge\u00e4u\u00dferten Ansichten und Meinungen m\u00fcssen nicht mit denen der Galerie \u00fcbereinstimmen.<\/p>\n<h2>Rechtliche Hinweise<\/h2>\n<p><strong>Inhaltlich Verantwortlicher gem\u00e4\u00df \u00a7 6 MDStV:<br>Kaja Sch\u00e4fer<\/strong><\/p>\n<p>Alle Rechte 2014 ff.: Kaja Sch\u00e4fer<\/p>\n<p>Alle Texte, Bilder und Grafiken sowie ihre Arrangements unterliegen dem Urheberrecht und anderen Gesetzen zum Schutz geistigen Eigentums. Sie d\u00fcrfen weder kopiert, noch ver\u00e4ndert und auf anderen Web-Sites verwendet werden. Einige Internet-Seiten der Galerie Kaja Sch\u00e4fer enthalten ggf. auch Bilder, die dem Urheberrecht derjenigen unterliegen, die diese zur Verf\u00fcgung gestellt haben.<\/p>\n<h1>Konzeption, Layout und Redaktion<\/h1>\n<p>Konzeption &amp; Layout | TIE-PC .. Manuel Tiedemann | <a href=\"http:\/\/www.wissen-und-medien.de\/\" target=\"_blank\" rel=\"noopener noreferrer\">www.tie-pc.de<\/a><\/p>\n<p>Redaktion\/Texte | Kaja Sch\u00e4fer<\/p>\n<p>&nbsp;<\/p>\n<p>Das Urheberrecht f\u00fcr alle Bilder, sofern nicht anders angegeben, liegt bei Kaja Sch\u00e4fer.<\/p>\n<p>Es gelten die allgemeinen AGB\u00b4s der IHK \u2013 Frankfurt \/ Main<\/p>\n\n\n<p><\/p>\n","protected":false},"excerpt":{"rendered":"<p>Galerie Kaja Sch\u00e4ferInhaberin: Kaja Sch\u00e4ferK\u00fcferstra\u00dfe 22aD-65931 Frankfurt info@kajaschaefer.de Disclaimer Die Galerie Kaja Sch\u00e4fer \u00fcbernimmt hinsichtlich der eingestellten Links auf Seiten Dritter keine Gew\u00e4hr f\u00fcr die dort gemachten Angaben sowie f\u00fcr die Beachtung privater Rechte Dritter. Die dort ge\u00e4u\u00dferten Ansichten und Meinungen m\u00fcssen nicht mit denen der Galerie \u00fcbereinstimmen. Rechtliche Hinweise Inhaltlich Verantwortlicher gem\u00e4\u00df \u00a7 6 [&hellip;]<\/p>\n","protected":false},"author":1,"featured_media":0,"parent":0,"menu_order":5,"comment_status":"open","ping_status":"open","template":"","meta":{"ngg_post_thumbnail":0,"footnotes":""},"class_list":["post-15","page","type-page","status-publish","hentry"],"_links":{"self":[{"href":"https:\/\/kajaschaefer.de\/index.php?rest_route=\/wp\/v2\/pages\/15","targetHints":{"allow":["GET"]}}],"collection":[{"href":"https:\/\/kajaschaefer.de\/index.php?rest_route=\/wp\/v2\/pages"}],"about":[{"href":"https:\/\/kajaschaefer.de\/index.php?rest_route=\/wp\/v2\/types\/page"}],"author":[{"embeddable":true,"href":"https:\/\/kajaschaefer.de\/index.php?rest_route=\/wp\/v2\/users\/1"}],"replies":[{"embeddable":true,"href":"https:\/\/kajaschaefer.de\/index.php?rest_route=%2Fwp%2Fv2%2Fcomments&post=15"}],"version-history":[{"count":9,"href":"https:\/\/kajaschaefer.de\/index.php?rest_route=\/wp\/v2\/pages\/15\/revisions"}],"predecessor-version":[{"id":144,"href":"https:\/\/kajaschaefer.de\/index.php?rest_route=\/wp\/v2\/pages\/15\/revisions\/144"}],"wp:attachment":[{"href":"https:\/\/kajaschaefer.de\/index.php?rest_route=%2Fwp%2Fv2%2Fmedia&parent=15"}],"curies":[{"name":"wp","href":"https:\/\/api.w.org\/{rel}","templated":true}]}}