{"id":2,"date":"2012-04-25T14:18:50","date_gmt":"2012-04-25T14:18:50","guid":{"rendered":"http:\/\/kajaschaefer.de\/?page_id=2"},"modified":"2025-09-01T15:32:06","modified_gmt":"2025-09-01T15:32:06","slug":"sample-page","status":"publish","type":"page","link":"https:\/\/kajaschaefer.de\/","title":{"rendered":"Willkommen"},"content":{"rendered":"<h2><strong>AKTUELL:<\/strong><\/h2>\n<p><strong>Modenschau \/ Kunstausstellung<\/strong><\/p>\n<p>Am 25. Oktober 2025 verwandelt sich der legend\u00e4re <strong>&#8222;Danceclub Wintergarten&#8220;<\/strong> in R\u00fcsselsheim (Brandenburger Str. 18) in eine B\u00fchne der besonderen Art.&nbsp;<\/p>\n<p>Unter dem Motto: <strong>&#8222;Beyond the Dress Codes&#8220;<\/strong> l\u00e4dt die Frankfurter K\u00fcnstlerin Kaja Sch\u00e4fer zu einer au\u00dfergew\u00f6hnlichen Fusion aus Fashion Art und Malerei ein.&nbsp;<\/p>\n<p><strong>Kaja Sch\u00e4fer<\/strong> gilt als Vision\u00e4rin, die Mode und Kunst nicht trennt, sondern miteinander verschmelzen l\u00e4sst. Ihre Kreationen sind mehr als Kleider \u2013 sie sind lebendige Leinw\u00e4nde, die Geschichten erz\u00e4hlen, Emotionen sichtbar machen und neue Perspektiven aufzeigen.<\/p>\n<p><strong>Die Modenschau beginnt um 22 Uhr<\/strong> und f\u00fchrt das Publikum durch eine Welt voller Eleganz, k\u00fcnstlerischer Kraft und avantgardistischer Ausdrucksformen. Direkt im Anschluss steht die K\u00fcnstlerin pers\u00f6nlich f\u00fcr Gespr\u00e4che, Fragen und Kaufinteresse zur Verf\u00fcgung.<\/p>\n<p>Doch damit endet der Abend nicht: Gemeinsam mit den G\u00e4sten feiern wir anschlie\u00dfend eine lebendige Dancetime, die Kunst und Gemeinschaft vereint \u2013 eine Symbiose aus Kunst, Mode und Musik.<\/p>\n<p><strong>Eintritt: 10 Euro<\/strong><br \/>\nReservierungen &amp; Infos: 06142 3306239<br \/>\nParkm\u00f6glichkeiten: bequem in der Umgebung<\/p>\n<blockquote><p>Erleben Sie einen Abend, der Mode neu definiert und Kunst f\u00fchlbar macht.<\/p><\/blockquote>\n<hr>\n<p><strong>Willkommen in der Internet-Galerie von Kaja Sch\u00e4fer<\/strong><\/p>\n<p><strong>&nbsp;<\/strong><\/p>\n<p>&#8222;Mit meiner Kunst kommt Leben in Ihr Domizil \u201d<\/p>\n<p>&nbsp;<\/p>\n<p>Kunst kann Empathie, Kreativit\u00e4t, Resilienz,Nachhaltigkeit und Solidarit\u00e4t st\u00e4rken.<\/p>\n<p>Es ist bereichernd, die stille der Ohnmacht mit Kunst zu f\u00fcllen und mit neuer Kraft zu st\u00e4rken.<\/p>\n<p>Kunst ist nicht dekorativ sondern essenziell.<\/p>\n<p>&nbsp;<\/p>\n<p>Kunst macht uns als Menschen und als Gesellschaft tiefgr\u00fcndiger und menschlicher.<\/p>\n<p>Sie wischt den Staub von der Seele!<\/p>\n<p>Kunst lebt ewig!<\/p>\n<p>&nbsp;<\/p>\n<p>&nbsp;<\/p>\n<p>Ihre Kaja Sch\u00e4fer<\/p>\n<p>&nbsp;<\/p>\n<p>&nbsp;<\/p>\n<p>\u201d ARS LONGA VITA BREVIS \u201d (Seneca)<\/p>\n<p>oder: Das Leben ist kurz, die Kunst ist lang.<\/p>\n","protected":false},"excerpt":{"rendered":"<p>AKTUELL: Modenschau \/ Kunstausstellung Am 25. Oktober 2025 verwandelt sich der legend\u00e4re &#8222;Danceclub Wintergarten&#8220; in R\u00fcsselsheim (Brandenburger Str. 18) in eine B\u00fchne der besonderen Art.&nbsp; Unter dem Motto: &#8222;Beyond the Dress Codes&#8220; l\u00e4dt die Frankfurter K\u00fcnstlerin Kaja Sch\u00e4fer zu einer au\u00dfergew\u00f6hnlichen Fusion aus Fashion Art und Malerei ein.&nbsp; Kaja Sch\u00e4fer gilt als Vision\u00e4rin, die Mode [&hellip;]<\/p>\n","protected":false},"author":1,"featured_media":0,"parent":0,"menu_order":0,"comment_status":"closed","ping_status":"open","template":"","meta":{"ngg_post_thumbnail":0,"footnotes":""},"class_list":["post-2","page","type-page","status-publish","hentry"],"_links":{"self":[{"href":"https:\/\/kajaschaefer.de\/index.php?rest_route=\/wp\/v2\/pages\/2","targetHints":{"allow":["GET"]}}],"collection":[{"href":"https:\/\/kajaschaefer.de\/index.php?rest_route=\/wp\/v2\/pages"}],"about":[{"href":"https:\/\/kajaschaefer.de\/index.php?rest_route=\/wp\/v2\/types\/page"}],"author":[{"embeddable":true,"href":"https:\/\/kajaschaefer.de\/index.php?rest_route=\/wp\/v2\/users\/1"}],"replies":[{"embeddable":true,"href":"https:\/\/kajaschaefer.de\/index.php?rest_route=%2Fwp%2Fv2%2Fcomments&post=2"}],"version-history":[{"count":14,"href":"https:\/\/kajaschaefer.de\/index.php?rest_route=\/wp\/v2\/pages\/2\/revisions"}],"predecessor-version":[{"id":586,"href":"https:\/\/kajaschaefer.de\/index.php?rest_route=\/wp\/v2\/pages\/2\/revisions\/586"}],"wp:attachment":[{"href":"https:\/\/kajaschaefer.de\/index.php?rest_route=%2Fwp%2Fv2%2Fmedia&parent=2"}],"curies":[{"name":"wp","href":"https:\/\/api.w.org\/{rel}","templated":true}]}}