{"id":5,"date":"2012-04-25T14:37:04","date_gmt":"2012-04-25T14:37:04","guid":{"rendered":"http:\/\/kajaschaefer.de\/?page_id=5"},"modified":"2024-04-18T14:24:54","modified_gmt":"2024-04-18T14:24:54","slug":"kurzbiografie","status":"publish","type":"page","link":"https:\/\/kajaschaefer.de\/?page_id=5","title":{"rendered":"Kurzbiografie"},"content":{"rendered":"<p><strong>Kaja Sch\u00e4fer<\/strong> (geb. Lukic) ist im Dezember 1965 geboren und in Kroatien aufgewachsen.<br \/>\nDas Malen begann sie schon sehr fr\u00fchzeitig und bereits in der Grundschule wurde ihr Talent f\u00fcr Kunst und Kultur von den Lehrern entdeckt.<br \/>\nMit den damals vorhandenen Mitteln, f\u00f6rderten die Lehrer Kaja. Das Malen lies sie nie los und bereits in den jungen Jahren entstanden viele Arbeiten, meist Aquarelle &nbsp;auf Zeichenpapier, Malkarton und Holz.<br \/>\n1990 kam sie nach Deutschland, heiratete und noch heute lebt sie mit ihrer Tochter in Frankfurt am Main.<br \/>\nF\u00fcr ihre Arbeiten verwendet sie hochqualitative Materialien , wie \u00d6lfarben, Acryl und feinstrukturierte Leinw\u00e4nde, die den Gem\u00e4lden einen besonderen, eleganten Ausdruck geben.<\/p>\n<p>So gelang es ihr bereits einige Events und Pr\u00e4sentationen erfolgreich zu gestalten, wie z.B.:<br \/>\n-Art-Galerie im Main-Taunus-Zentrum Sulzbach\u2028-Galerie Wafaee in Bad-Soden\u2028-In den Ausstellungsr\u00e4umen der Fa. B+J Bauzentrum in Bodenheim\u2028-Sportstudio in Hochheim\u2028-Ausstellung im B\u00fcrgerhaus in Ginheim mit der Gimo\u2028-Ausstellung im Rathaus von Hochheim\u2028-Ausstellung in der Schlossresidence M\u00fchlberg -Frankfurt am Main.<br \/>\n-Sowie einige Ausstellungen in ihrer Heimat Kroatien z.B.: Osijek, Vinkovci, Vukovar und Zagreb<br \/>\n-Zur Zeit sind einige ihrer Werke in den R\u00e4umen der Rechtsanw\u00e4lte Schomberg &amp; Korcz in der Kalkentalstrasse 2 in 60489 Frankfurt zu sehen.<\/p>\n<p>&#8212;&#8212;&#8212;&#8212;&#8212;&#8212;&#8212;&#8212;&#8212;&#8212;&#8212;&#8212;&#8212;&#8212;&#8212;&#8212;&#8212;&#8212;&#8212;&#8212;&#8212;&#8212;&#8212;&#8212;&#8212;&#8212;&#8212;&#8212;&#8212;&#8212;&#8212;&#8212;<\/p>\n<p><strong>Kaja sagt:<\/strong><\/p>\n<p>&#8222;F\u00fcr mich ist das malen sprechen meiner seele \u00fcber das was war, \u00fcber das was ist und Vorbereitung auf das was wird.<\/p>\n<p>Mein Umfeld,meine Erfahrungen und meine seelische und geistige Entwicklung sind zentral f\u00fcr meinen k\u00fcnstlerischen Arbeitsprozess.<\/p>\n<p>Kunst macht mich gl\u00fccklich, wenn ich male vergesse ich alles um mich herum.<\/p>\n<p>Diese Zeit des Prozesses, geh\u00f6rt dann nur mir und meiner Kunst.<\/p>\n<p>Meine Kunstwerke wurzeln immer, in einer Grundkomposition einem Schwung, der sich durchzieht, alles Weitere baut sich darauf auf, mal Komplex, mal abstrakt, oder mal realistisch.<\/p>\n<p>Die Seele kann nicht leben ohne Liebe den sie wurde aus Liebe erschaffen.<\/p>\n<p>Ich bin Gesch\u00f6pf und Sch\u00f6pfer zu gleich!<br \/>\nIch bin dankbar, voller Liebe und Vertrauen.<\/p>\n<p>Ich bin davon \u00fcberzeugt das man das ist was man denkt, dass man das kann was man glaubt dass man kann, und das man selbst sein Leben kreiert.<\/p>\n<p>Liebe , Mitgef\u00fchl, f\u00fcr einander und miteinander ist L\u00f6sung f\u00fcr alles.&#8220;<\/p>\n","protected":false},"excerpt":{"rendered":"<p>Kaja Sch\u00e4fer (geb. Lukic) ist im Dezember 1965 geboren und in Kroatien aufgewachsen. Das Malen begann sie schon sehr fr\u00fchzeitig und bereits in der Grundschule wurde ihr Talent f\u00fcr Kunst und Kultur von den Lehrern entdeckt. Mit den damals vorhandenen Mitteln, f\u00f6rderten die Lehrer Kaja. Das Malen lies sie nie los und bereits in den [&hellip;]<\/p>\n","protected":false},"author":2,"featured_media":0,"parent":0,"menu_order":1,"comment_status":"open","ping_status":"open","template":"","meta":{"ngg_post_thumbnail":0,"footnotes":""},"class_list":["post-5","page","type-page","status-publish","hentry"],"_links":{"self":[{"href":"https:\/\/kajaschaefer.de\/index.php?rest_route=\/wp\/v2\/pages\/5","targetHints":{"allow":["GET"]}}],"collection":[{"href":"https:\/\/kajaschaefer.de\/index.php?rest_route=\/wp\/v2\/pages"}],"about":[{"href":"https:\/\/kajaschaefer.de\/index.php?rest_route=\/wp\/v2\/types\/page"}],"author":[{"embeddable":true,"href":"https:\/\/kajaschaefer.de\/index.php?rest_route=\/wp\/v2\/users\/2"}],"replies":[{"embeddable":true,"href":"https:\/\/kajaschaefer.de\/index.php?rest_route=%2Fwp%2Fv2%2Fcomments&post=5"}],"version-history":[{"count":23,"href":"https:\/\/kajaschaefer.de\/index.php?rest_route=\/wp\/v2\/pages\/5\/revisions"}],"predecessor-version":[{"id":370,"href":"https:\/\/kajaschaefer.de\/index.php?rest_route=\/wp\/v2\/pages\/5\/revisions\/370"}],"wp:attachment":[{"href":"https:\/\/kajaschaefer.de\/index.php?rest_route=%2Fwp%2Fv2%2Fmedia&parent=5"}],"curies":[{"name":"wp","href":"https:\/\/api.w.org\/{rel}","templated":true}]}}